{"id":29,"date":"2014-05-23T16:28:03","date_gmt":"2014-05-23T14:28:03","guid":{"rendered":"http:\/\/localhost\/wordpress_aix\/?page_id=29"},"modified":"2024-11-27T11:02:11","modified_gmt":"2024-11-27T09:02:11","slug":"fuel-cells","status":"publish","type":"page","link":"https:\/\/aixcellsys.de\/?page_id=29","title":{"rendered":"Brennstoffzellen"},"content":{"rendered":"<p>Der Bereich Brennstoffzellen besch\u00e4ftigt sich mit\u00a0der Entwicklung von Brennstoffzellen und Brennstoffzellensystemen.<\/p>\n<p>Diese Entwicklungst\u00e4tigkeit schlie\u00dft alle Bereiche eines Brennstoffzellensystems ein. Zu diesen Bereichen geh\u00f6ren neben der eigentlichen Entwicklungen der Brennstoffzelle\u00a0auch die Synthesegaserzeugung als auch die Prozessgasaufbreitung. Die nachfolgende Darstellung gibt einen ersten \u00dcberlick \u00fcber eine\u00a0Brennstoffzellensystem in Kombination mit verschiedenen Brennstoffzellentypen. Durch die Ber\u00fccksichtigung aller Systembereiche ist es m\u00f6glich Anwendungen noch genauer an kundenspezifische Vorstellungen und Anforderungen anzupassen als dies nur bei der Betrachtung der Zelle m\u00f6glich w\u00e4re.<\/p>\n<p><a href=\"https:\/\/aixcellsys.de\/wp-content\/uploads\/2014\/05\/Brennstoffzell_ueberblick.jpg\"><img loading=\"lazy\" decoding=\"async\" class=\"aligncenter wp-image-247\" src=\"http:\/\/wr64dc4ak.homepage.t-online.de\/wordpress\/wp-content\/uploads\/2014\/05\/Brennstoffzell_ueberblick.jpg\" alt=\"Brennstoffzell_ueberblick\" width=\"562\" height=\"421\" srcset=\"https:\/\/aixcellsys.de\/wp-content\/uploads\/2014\/05\/Brennstoffzell_ueberblick.jpg 960w, https:\/\/aixcellsys.de\/wp-content\/uploads\/2014\/05\/Brennstoffzell_ueberblick-300x225.jpg 300w\" sizes=\"auto, (max-width: 562px) 100vw, 562px\" \/><\/a>Quelle: OWI<\/p>\n<p>Die von uns durchgef\u00fchrten Arbeiten sind:<\/p>\n<p><strong>Systemauslegung und -konzeptionierung:<\/strong><\/p>\n<p style=\"padding-left: 90px;\">&#8211; Erstellen von Systemkonzepten<\/p>\n<p style=\"padding-left: 90px;\">&#8211; Bilanzierung<\/p>\n<p style=\"padding-left: 90px;\">&#8211; Simulationen<\/p>\n<h3>\u00a0<strong>Entwicklung und Aufbau von Gesamtsystemen:<\/strong><\/h3>\n<p><a href=\"https:\/\/aixcellsys.de\/wp-content\/uploads\/2014\/05\/MiMeMiZ-2_neu.jpg\"><img loading=\"lazy\" decoding=\"async\" class=\"aligncenter wp-image-248\" src=\"http:\/\/wr64dc4ak.homepage.t-online.de\/wordpress\/wp-content\/uploads\/2014\/05\/MiMeMiZ-2_neu.jpg\" alt=\"MiMeMiZ 2_neu\" width=\"579\" height=\"434\" srcset=\"https:\/\/aixcellsys.de\/wp-content\/uploads\/2014\/05\/MiMeMiZ-2_neu.jpg 960w, https:\/\/aixcellsys.de\/wp-content\/uploads\/2014\/05\/MiMeMiZ-2_neu-300x225.jpg 300w\" sizes=\"auto, (max-width: 579px) 100vw, 579px\" \/><\/a>Quelle: Mimemiz<\/p>\n<h3><\/h3>\n<h3><strong>Auswahl von BoP-Komponenten<\/strong><\/h3>\n<h3><\/h3>\n<h3><strong>Fertigung von Demonstrationssystemen:<\/strong><\/h3>\n<p style=\"padding-left: 90px;\">&#8211; Packaging<\/p>\n<p style=\"padding-left: 90px;\">&#8211; Assemblierung<\/p>\n<p style=\"padding-left: 30px;\"><strong>\u00a0 \u00a0 \u00a0 \u00a0 \u00a0 \u00a0 \u00a0<\/strong><a href=\"https:\/\/aixcellsys.de\/wp-content\/uploads\/2014\/05\/Bild2.jpg\"><img loading=\"lazy\" decoding=\"async\" class=\"alignnone wp-image-86\" src=\"http:\/\/wr64dc4ak.homepage.t-online.de\/wordpress\/wp-content\/uploads\/2014\/05\/Bild2-300x292.jpg\" alt=\"Bild2\" width=\"412\" height=\"401\" srcset=\"https:\/\/aixcellsys.de\/wp-content\/uploads\/2014\/05\/Bild2-300x292.jpg 300w, https:\/\/aixcellsys.de\/wp-content\/uploads\/2014\/05\/Bild2.jpg 787w\" sizes=\"auto, (max-width: 412px) 100vw, 412px\" \/><\/a><\/p>\n<p style=\"padding-left: 30px;\">Quelle: Mimemiz<\/p>\n","protected":false},"excerpt":{"rendered":"<p>Der Bereich Brennstoffzellen besch\u00e4ftigt sich mit\u00a0der Entwicklung von Brennstoffzellen und Brennstoffzellensystemen. Diese Entwicklungst\u00e4tigkeit schlie\u00dft alle Bereiche eines Brennstoffzellensystems ein. Zu diesen Bereichen geh\u00f6ren neben der eigentlichen Entwicklungen der Brennstoffzelle\u00a0auch die Synthesegaserzeugung als auch die Prozessgasaufbreitung. Die nachfolgende Darstellung gibt einen ersten \u00dcberlick \u00fcber eine\u00a0Brennstoffzellensystem in Kombination mit verschiedenen Brennstoffzellentypen. Durch die Ber\u00fccksichtigung aller Systembereiche ist [&hellip;]<\/p>\n","protected":false},"author":1,"featured_media":213,"parent":0,"menu_order":0,"comment_status":"closed","ping_status":"closed","template":"","meta":{"footnotes":""},"class_list":["post-29","page","type-page","status-publish","has-post-thumbnail","hentry"],"_links":{"self":[{"href":"https:\/\/aixcellsys.de\/index.php?rest_route=\/wp\/v2\/pages\/29","targetHints":{"allow":["GET"]}}],"collection":[{"href":"https:\/\/aixcellsys.de\/index.php?rest_route=\/wp\/v2\/pages"}],"about":[{"href":"https:\/\/aixcellsys.de\/index.php?rest_route=\/wp\/v2\/types\/page"}],"author":[{"embeddable":true,"href":"https:\/\/aixcellsys.de\/index.php?rest_route=\/wp\/v2\/users\/1"}],"replies":[{"embeddable":true,"href":"https:\/\/aixcellsys.de\/index.php?rest_route=%2Fwp%2Fv2%2Fcomments&post=29"}],"version-history":[{"count":20,"href":"https:\/\/aixcellsys.de\/index.php?rest_route=\/wp\/v2\/pages\/29\/revisions"}],"predecessor-version":[{"id":302,"href":"https:\/\/aixcellsys.de\/index.php?rest_route=\/wp\/v2\/pages\/29\/revisions\/302"}],"wp:featuredmedia":[{"embeddable":true,"href":"https:\/\/aixcellsys.de\/index.php?rest_route=\/wp\/v2\/media\/213"}],"wp:attachment":[{"href":"https:\/\/aixcellsys.de\/index.php?rest_route=%2Fwp%2Fv2%2Fmedia&parent=29"}],"curies":[{"name":"wp","href":"https:\/\/api.w.org\/{rel}","templated":true}]}}