{"id":117,"date":"2014-07-01T16:49:44","date_gmt":"2014-07-01T14:49:44","guid":{"rendered":"http:\/\/localhost\/wordpress_aix\/?page_id=117"},"modified":"2024-11-27T11:04:39","modified_gmt":"2024-11-27T09:04:39","slug":"pruefstandbau","status":"publish","type":"page","link":"https:\/\/aixcellsys.de\/?page_id=117","title":{"rendered":"Pr\u00fcfstandbau"},"content":{"rendered":"<p>Der Bereich Pr\u00fcfstandsbau besch\u00e4ftigt sich mit der Entwicklung und dem Bau von Pr\u00fcfst\u00e4nden.<\/p>\n<p><span class=\"crayon-o\">\u00a0<\/span><\/p>\n<table style=\"height: 28px;\" width=\"810\">\n<tbody>\n<tr>\n<td style=\"width: 50px;\">\u00a0<strong>Kundenspezifischer Pr\u00fcfst\u00e4nde f\u00fcr:<\/strong><\/td>\n<td><\/td>\n<td><\/td>\n<\/tr>\n<tr>\n<td style=\"width: 50px;\"><a href=\"https:\/\/aixcellsys.de\/wp-content\/uploads\/2014\/07\/Bilder-Flyer-4.jpg\"><img loading=\"lazy\" decoding=\"async\" class=\"alignnone wp-image-119\" src=\"http:\/\/wr64dc4ak.homepage.t-online.de\/wordpress\/wp-content\/uploads\/2014\/07\/Bilder-Flyer-4-300x225.jpg\" alt=\"Bilder Flyer 4\" width=\"374\" height=\"281\" srcset=\"https:\/\/aixcellsys.de\/wp-content\/uploads\/2014\/07\/Bilder-Flyer-4-300x225.jpg 300w, https:\/\/aixcellsys.de\/wp-content\/uploads\/2014\/07\/Bilder-Flyer-4.jpg 960w\" sizes=\"auto, (max-width: 374px) 100vw, 374px\" \/><\/a><\/td>\n<td><\/td>\n<td>\n<ul>\n<li>Untersuchungen an Brenn- und Kraft\u00adstoffen<\/li>\n<\/ul>\n<ul>\n<li>die Qualifikation von kraftstoff\u00adf\u00fchrenden Bauteilen<\/li>\n<\/ul>\n<ul>\n<li>Brennstoffzellen und Brennstoffzellen\u00adsysteme<\/li>\n<\/ul>\n<ul>\n<li>anwendungsbezogene Materialpr\u00fcfung<\/li>\n<\/ul>\n<ul>\n<li>andere verfahrenstechnische Prozesse<\/li>\n<\/ul>\n<\/td>\n<\/tr>\n<tr style=\"height: 50px;\">\n<td style=\"width: 50px;\"><\/td>\n<td><\/td>\n<td><\/td>\n<\/tr>\n<tr>\n<td style=\"width: 50px;\"><strong>Entwicklung und Umsetzung:<\/strong><\/td>\n<td><\/td>\n<td><\/td>\n<\/tr>\n<tr>\n<td style=\"width: 50px;\" colspan=\"3\">Alle Pr\u00fcfst\u00e4nde werden von unseren erfahrenen Ingenieuren konzipiert, Komponenten anwendungs\u00adspezifisch ausgelegt, in der 3-D-Entwicklungsumgebung umgesetzt und gefertigt.<\/td>\n<\/tr>\n<tr>\n<td style=\"width: 50px;\"><strong><a href=\"https:\/\/aixcellsys.de\/wp-content\/uploads\/2014\/07\/Bilder-Flyer-1.jpg\"><img loading=\"lazy\" decoding=\"async\" class=\"alignnone wp-image-118\" src=\"http:\/\/wr64dc4ak.homepage.t-online.de\/wordpress\/wp-content\/uploads\/2014\/07\/Bilder-Flyer-1-300x225.jpg\" alt=\"Bilder Flyer 1\" width=\"362\" height=\"291\" \/><\/a><\/strong><\/td>\n<td><\/td>\n<td>\n<p style=\"padding-left: 30px;\">Unsere\u00a0Kunden kommen aus den Bereichen:<\/p>\n<ul>\n<li>Mineral\u00f6lindustrie<\/li>\n<li>verfahrenstechnische Industrie<\/li>\n<li>Automobilindustrie und Automobilzulieferer<\/li>\n<li>Materialhersteller und -verarbeiter<\/li>\n<li>Brennerhersteller<\/li>\n<li>Analyselabore<\/li>\n<li>Additivhersteller<\/li>\n<li>Forschungseinrichtungen<\/li>\n<li>Brennstoffzellenentwickler<\/li>\n<\/ul>\n<\/td>\n<\/tr>\n<tr style=\"height: 50px;\">\n<td style=\"width: 50px;\"><\/td>\n<td><\/td>\n<td><\/td>\n<\/tr>\n<tr style=\"height: 50px;\">\n<td style=\"width: 50px;\" colspan=\"3\"><strong>Pr\u00fcfst\u00e4nde zur Qualifizierung von Brennstoff\u00adzellen und Brennstoffzellensystemen:<\/strong><\/p>\n<ul>\n<li>Einzelzellen, Short-Stacks und Stacks\n<ul>\n<li>HT- und NT-Brennstoffzellen<\/li>\n<li>Gasversorgung und Gasmischstrecken<\/li>\n<li>Kennlinien und Bestimmung von Betriebsgrenzen<\/li>\n<li>Langzeitstabilit\u00e4t und Degradations\u00adbestimmung<\/li>\n<\/ul>\n<\/li>\n<\/ul>\n<ul>\n<li>\u00a0Systempr\u00fcfst\u00e4nde:\n<ul>\n<li>Wasserstoff und synthetische Gasgemische<\/li>\n<li>Reformersysteme und W\u00e4rmeintegration<\/li>\n<li>K\u00fchlkonzepte<\/li>\n<\/ul>\n<\/li>\n<\/ul>\n<ul>\n<li>\u00a0Komponentenpr\u00fcfst\u00e4nde:\n<ul>\n<li>Reformer, Nachbrenner, periphere System\u00adkomponenten<\/li>\n<li>Nachweis der Betriebsgrenzen, Betriebs\u00adstabilit\u00e4t, Zyklierbarkeit<\/li>\n<\/ul>\n<\/li>\n<\/ul>\n<\/td>\n<\/tr>\n<tr style=\"height: 50px;\">\n<td style=\"width: 50px;\" colspan=\"3\"><\/td>\n<\/tr>\n<tr>\n<td style=\"width: 50px;\" colspan=\"3\"><strong>Pr\u00fcfst\u00e4nde zur anwendungsbezogenen Materialpr\u00fcfung:<\/strong><\/p>\n<ul>\n<li>Identifikation von Einsatzgrenzen f\u00fcr Materialproben durch gezielte Beanspruchung durch:\n<ul>\n<li>Temperatur, W\u00e4rmestr\u00f6me<\/li>\n<li>Atmosph\u00e4re (reduzierend, oxidierend)<\/li>\n<li>Mechanische Belastungen (Zug, Druck)<\/li>\n<\/ul>\n<\/li>\n<\/ul>\n<ul>\n<li>Reproduzierbares Nachstellen von spezifischen Betriebsbedingungen und Anwendungen<\/li>\n<li>F\u00fcr verschiedene Werkstoffe, z.B. Polymere, metallische Werkstoffe, St\u00e4hle, etc.<\/li>\n<li>Pr\u00fcfst\u00e4nde zur Versagensanalyse, Qualit\u00e4tssicherung und Weiterentwicklung<\/li>\n<\/ul>\n<\/td>\n<\/tr>\n<tr style=\"height: 50px;\">\n<td style=\"width: 50px;\" colspan=\"3\"><\/td>\n<\/tr>\n<tr>\n<td style=\"width: 50px;\" colspan=\"3\"><strong>Allgemeine Merkmale:<\/strong>Bedienung:<\/p>\n<ul>\n<li>Grafische Bedienoberfl\u00e4che angepasst an den spezifischen Prozess<\/li>\n<li>Verschiedene Betriebsmodi: vollautomatisiert, teilautomatisiert, Handsteuerung<\/li>\n<li>Einfache Anpassung des Versuchsablaufs durch den Bediener m\u00f6glich<\/li>\n<\/ul>\n<p>Betriebssicherheit:<\/p>\n<ul>\n<li>Verschiede Sicherheitskonzepte zum Pr\u00fcfstands\u00adbetrieb, abgestimmt auf die vorhandene Infra\u00adstruktur<\/li>\n<\/ul>\n<p>beim Kunden:<\/p>\n<ul>\n<li>Ex-Schutz-Vermeidung, Eingrenzung auf Ex-Schutz-Bereiche im Pr\u00fcfstand, \u00dcberwachung und Sensorik<\/li>\n<li>Durchf\u00fchrung von FMEA-Analysen<\/li>\n<\/ul>\n<\/td>\n<\/tr>\n<tr style=\"height: 50px;\">\n<td style=\"width: 50px;\" colspan=\"3\"><\/td>\n<\/tr>\n<tr>\n<td style=\"width: 50px;\" colspan=\"3\"><\/td>\n<\/tr>\n<\/tbody>\n<\/table>\n","protected":false},"excerpt":{"rendered":"<p>Der Bereich Pr\u00fcfstandsbau besch\u00e4ftigt sich mit der Entwicklung und dem Bau von Pr\u00fcfst\u00e4nden. \u00a0 \u00a0Kundenspezifischer Pr\u00fcfst\u00e4nde f\u00fcr: Untersuchungen an Brenn- und Kraft\u00adstoffen die Qualifikation von kraftstoff\u00adf\u00fchrenden Bauteilen Brennstoffzellen und Brennstoffzellen\u00adsysteme anwendungsbezogene Materialpr\u00fcfung andere verfahrenstechnische Prozesse Entwicklung und Umsetzung: Alle Pr\u00fcfst\u00e4nde werden von unseren erfahrenen Ingenieuren konzipiert, Komponenten anwendungs\u00adspezifisch ausgelegt, in der 3-D-Entwicklungsumgebung umgesetzt und gefertigt. [&hellip;]<\/p>\n","protected":false},"author":1,"featured_media":233,"parent":0,"menu_order":0,"comment_status":"closed","ping_status":"closed","template":"","meta":{"footnotes":""},"class_list":["post-117","page","type-page","status-publish","has-post-thumbnail","hentry"],"_links":{"self":[{"href":"https:\/\/aixcellsys.de\/index.php?rest_route=\/wp\/v2\/pages\/117","targetHints":{"allow":["GET"]}}],"collection":[{"href":"https:\/\/aixcellsys.de\/index.php?rest_route=\/wp\/v2\/pages"}],"about":[{"href":"https:\/\/aixcellsys.de\/index.php?rest_route=\/wp\/v2\/types\/page"}],"author":[{"embeddable":true,"href":"https:\/\/aixcellsys.de\/index.php?rest_route=\/wp\/v2\/users\/1"}],"replies":[{"embeddable":true,"href":"https:\/\/aixcellsys.de\/index.php?rest_route=%2Fwp%2Fv2%2Fcomments&post=117"}],"version-history":[{"count":23,"href":"https:\/\/aixcellsys.de\/index.php?rest_route=\/wp\/v2\/pages\/117\/revisions"}],"predecessor-version":[{"id":305,"href":"https:\/\/aixcellsys.de\/index.php?rest_route=\/wp\/v2\/pages\/117\/revisions\/305"}],"wp:featuredmedia":[{"embeddable":true,"href":"https:\/\/aixcellsys.de\/index.php?rest_route=\/wp\/v2\/media\/233"}],"wp:attachment":[{"href":"https:\/\/aixcellsys.de\/index.php?rest_route=%2Fwp%2Fv2%2Fmedia&parent=117"}],"curies":[{"name":"wp","href":"https:\/\/api.w.org\/{rel}","templated":true}]}}