{"id":37,"date":"2014-05-23T16:37:12","date_gmt":"2014-05-23T14:37:12","guid":{"rendered":"http:\/\/localhost\/wordpress_aix\/?page_id=37"},"modified":"2016-09-08T17:51:19","modified_gmt":"2016-09-08T15:51:19","slug":"veroeffentlichungen","status":"publish","type":"page","link":"https:\/\/aixcellsys.de\/?page_id=37","title":{"rendered":"Ver\u00f6ffentlichungen"},"content":{"rendered":"<p>Bei der Durchf\u00fchrung des Verbundprojektes im Rahmenkonzept &#8222;Forschung f\u00fcr die Produktion von morgen&#8220; des Bundesministeriums f\u00fcr Bildung und Forschung (BMBF) wurde ein<\/p>\n<p><strong>neuartiger Mikroreformer in Verbindung mit einer gewichts-, preis- und volumenoptimierten Mikrobrennstoffzelle (MiMeMiZ)<\/strong><\/p>\n<p>entwickelt. Der Abschlussbericht kann \u00fcber den nachfolgenden Link heruntergeladen werden.<\/p>\n<p><a title=\"Abschlussbericht MiMeMiz\" href=\"http:\/\/wr64dc4ak.homepage.t-online.de\/wordpress\/wp-content\/uploads\/2014\/07\/Abschlussbericht-MiMeMiZ.pdf\">Abschlussbericht MiMeMiZ<\/a><\/p>\n<p>&nbsp;<\/p>\n<p>Ebenso kann der Abschlussbericht zu dem durch die Deutschen Bundesstiftung Umwelt (DBU) gef\u00f6rderten Forschungsvorhaben :<\/p>\n<p><strong> Untersuchungen zum Einfluss von Methanol-Reformat und Schadgasen auf die Membran-Elektroden-Einheit von Hochtemperatur-PEM-Brennstoffzellen im Kurz- und Langzeitbetrieb <\/strong><\/p>\n<p>hier heruntergeladen werden.<\/p>\n<p><a href=\"http:\/\/wr64dc4ak.homepage.t-online.de\/wordpress\/wp-content\/uploads\/2014\/05\/Abschlussbericht-AZ-29412-Aixcellsys-OWI.pdf\">Abschlussbericht MeaU<\/a><\/p>\n<p>&nbsp;<\/p>\n<p>Der Abschlussbericht zum Projekt:<\/p>\n<p><strong>Entwicklung eines Brennstoffzellensystems mit einem HTPEM Stack und einem Methanol- Dampf-Reformer\u00a0\u00a0\u00a0\u00a0 \u00a0<\/strong><br \/>\n<strong>Abschlussbericht \u00fcber ein Forschungsprojekt, gef\u00f6rdert unter dem Az.: 31168 von der Deutschen Bundesstiftung Umwelt<\/strong><\/p>\n<p>kann hier heruntergeladen werden.<\/p>\n<p><a href=\"http:\/\/wr64dc4ak.homepage.t-online.de\/wordpress\/wp-content\/uploads\/2014\/05\/20160725-Abschlussbericht_DBU-Az.31168_mit_Kennblatt.pdf\">Abschlussbericht Brennstoffzellensystems<\/a><\/p>\n","protected":false},"excerpt":{"rendered":"<p>Bei der Durchf\u00fchrung des Verbundprojektes im Rahmenkonzept &#8222;Forschung f\u00fcr die Produktion von morgen&#8220; des Bundesministeriums f\u00fcr Bildung und Forschung (BMBF) wurde ein neuartiger Mikroreformer in Verbindung mit einer gewichts-, preis- und volumenoptimierten Mikrobrennstoffzelle (MiMeMiZ) entwickelt. Der Abschlussbericht kann \u00fcber den nachfolgenden Link heruntergeladen werden. Abschlussbericht MiMeMiZ &nbsp; Ebenso kann der Abschlussbericht zu dem durch die [&hellip;]<\/p>\n","protected":false},"author":1,"featured_media":0,"parent":0,"menu_order":0,"comment_status":"closed","ping_status":"closed","template":"","meta":{"footnotes":""},"class_list":["post-37","page","type-page","status-publish","hentry"],"_links":{"self":[{"href":"https:\/\/aixcellsys.de\/index.php?rest_route=\/wp\/v2\/pages\/37","targetHints":{"allow":["GET"]}}],"collection":[{"href":"https:\/\/aixcellsys.de\/index.php?rest_route=\/wp\/v2\/pages"}],"about":[{"href":"https:\/\/aixcellsys.de\/index.php?rest_route=\/wp\/v2\/types\/page"}],"author":[{"embeddable":true,"href":"https:\/\/aixcellsys.de\/index.php?rest_route=\/wp\/v2\/users\/1"}],"replies":[{"embeddable":true,"href":"https:\/\/aixcellsys.de\/index.php?rest_route=%2Fwp%2Fv2%2Fcomments&post=37"}],"version-history":[{"count":22,"href":"https:\/\/aixcellsys.de\/index.php?rest_route=\/wp\/v2\/pages\/37\/revisions"}],"predecessor-version":[{"id":105,"href":"https:\/\/aixcellsys.de\/index.php?rest_route=\/wp\/v2\/pages\/37\/revisions\/105"}],"wp:attachment":[{"href":"https:\/\/aixcellsys.de\/index.php?rest_route=%2Fwp%2Fv2%2Fmedia&parent=37"}],"curies":[{"name":"wp","href":"https:\/\/api.w.org\/{rel}","templated":true}]}}